{"id":300,"date":"2025-02-18T10:25:20","date_gmt":"2025-02-18T09:25:20","guid":{"rendered":"https:\/\/rockertrip.com\/?page_id=3"},"modified":"2025-10-02T14:36:52","modified_gmt":"2025-10-02T13:36:52","slug":"politica-de-privacidad","status":"publish","type":"page","link":"https:\/\/rocker-trip.com\/es\/politica-de-privacidad\/","title":{"rendered":"Pol\u00edtica de privacidad"},"content":{"rendered":"\r\n<h3 class=\"wp-block-heading\">Qui\u00e9nes somos<\/h3>\r\n\r\n\r\n\r\n<p>Somos Rocker Trip, con nombre comercial Aldesama Consulting S.L. B54886304, en la calle Escultor Jos\u00e9 Guti\u00e9rrez, n.\u00ba 7-9, 03540 Alicante. Responsable: Salom\u00e9 L\u00f3pez Garrido (678 242 454), salomelopezgarrido@hotmail.com, inscrita en el Registro Mercantil de Alicante, Tomo 3891, Folio 179, Inscripci\u00f3n 1, Hoja A-146889<\/p>\r\n<h3 class=\"wp-block-heading\">Comentarios<\/h3>\r\n\r\n\r\n\r\n<p>Cuando los visitantes dejan comentarios en el sitio web, recopilamos los datos que se muestran en el formulario de comentarios, as\u00ed como su direcci\u00f3n IP y la cadena de agente de usuario del navegador para ayudar a detectar spam.<\/p>\r\n<p>Es posible que se proporcione al servicio Gravatar una cadena an\u00f3nima (tambi\u00e9n llamada hash) creada a partir de su direcci\u00f3n de correo electr\u00f3nico para verificar si la est\u00e1 utilizando.<\/p>\r\n<p>La pol\u00edtica de privacidad del servicio Gravatar est\u00e1 disponible aqu\u00ed: https:\/\/automattic.com\/privacy\/. Tras la aprobaci\u00f3n de su comentario, su foto de perfil ser\u00e1 visible p\u00fablicamente en el contexto del mismo.<\/p>\r\n\r\n\r\n\r\n<h3 class=\"wp-block-heading\">Media<\/h3>\r\n\r\n\r\n\r\n<p>Los visitantes del sitio web pueden descargar y extraer cualquier dato de ubicaci\u00f3n de las im\u00e1genes del sitio web.<\/p>\r\n\r\n\r\n\r\n<h3 class=\"wp-block-heading\">Cookies<\/h3>\r\n\r\n\r\n\r\n<p>Si deja un comentario en nuestro sitio, puede optar por guardar su nombre, direcci\u00f3n de correo electr\u00f3nico y sitio web en cookies. Esto es para su comodidad, para que no tenga que volver a introducir sus datos al dejar otro comentario. Estas cookies duran un a\u00f1o.<\/p>\r\n<p>Si tiene una cuenta e inicia sesi\u00f3n en este sitio, instalaremos una cookie temporal para determinar si su navegador acepta cookies. Esta cookie no contiene datos personales y se elimina al cerrar el navegador.<\/p>\r\n<p>Al iniciar sesi\u00f3n, tambi\u00e9n instalaremos varias cookies para guardar su informaci\u00f3n de inicio de sesi\u00f3n y sus opciones de visualizaci\u00f3n de pantalla. Las cookies de inicio de sesi\u00f3n duran dos d\u00edas y las de opciones de pantalla duran un a\u00f1o. Si selecciona \u00abRecordarme\u00bb, su inicio de sesi\u00f3n se conservar\u00e1 durante dos semanas. Si cierra sesi\u00f3n, las cookies de inicio de sesi\u00f3n se eliminar\u00e1n.<\/p>\r\n<p>Si edita o publica un art\u00edculo, se guardar\u00e1 una cookie adicional en su navegador. Esta cookie no contiene datos personales y simplemente indica el ID de la publicaci\u00f3n del art\u00edculo que acaba de editar. Caduca al d\u00eda siguiente.<\/p>\r\n<p>M\u00e1s informaci\u00f3n en nuestra Pol\u00edtica de Cookies (https:\/\/rocker-trip.com\/cookie-preferences\/)<\/p>\r\n\r\n\r\n\r\n<h3 class=\"wp-block-heading\">Contenido incrustado de otros sitios web<\/h3>\r\n\r\n\r\n\r\n<p>Los art\u00edculos de este sitio pueden incluir contenido incrustado (por ejemplo, v\u00eddeos, im\u00e1genes, art\u00edculos, etc.). El contenido incrustado de otros sitios web se comporta exactamente igual que si el visitante hubiera visitado el otro sitio web.<\/p>\r\n<p>Estos sitios web pueden recopilar datos sobre usted, utilizar cookies, incrustar seguimiento adicional de terceros y supervisar su interacci\u00f3n con dicho contenido incrustado, incluyendo el seguimiento de su interacci\u00f3n con dicho contenido si tiene una cuenta y ha iniciado sesi\u00f3n en ese sitio web.<\/p>\r\n\r\n\r\n\r\n<h3 class=\"wp-block-heading\">Con qui\u00e9n compartimos tus datos<\/h3>\r\n\r\n\r\n\r\n<p>Si solicita un restablecimiento de contrase\u00f1a, su direcci\u00f3n IP se incluir\u00e1 en el correo electr\u00f3nico de restablecimiento.<\/p>\r\n\r\n\r\n\r\n<h3 class=\"wp-block-heading\">Cu\u00e1nto tiempo conservamos sus datos<\/h3>\r\n\r\n\r\n\r\n<p>Si deja un comentario, este y sus metadatos se conservan indefinidamente. Esto nos permite reconocer y aprobar autom\u00e1ticamente cualquier comentario posterior, en lugar de mantenerlos en cola de moderaci\u00f3n.<\/p>\r\n<p>De los usuarios que se registran en nuestro sitio web (si los hay), tambi\u00e9n almacenamos la informaci\u00f3n personal que proporcionan en su perfil de usuario. Todos los usuarios pueden ver, editar o eliminar su informaci\u00f3n personal en cualquier momento (excepto que no pueden cambiar su nombre de usuario). Los administradores del sitio web tambi\u00e9n pueden ver y editar esta informaci\u00f3n.<\/p>\r\n\r\n\r\n\r\n<h3 class=\"wp-block-heading\">Qu\u00e9 derechos tienes sobre tus datos<\/h3>\r\n\r\n\r\n\r\n<p>Si tienes una cuenta o has dejado comentarios en este sitio web, puedes solicitar un archivo exportado de los datos personales que tenemos sobre ti, incluyendo cualquier dato que nos hayas proporcionado. Tambi\u00e9n puedes solicitar que eliminemos cualquier dato personal que tengamos sobre ti. Esto no incluye los datos que estemos obligados a conservar con fines administrativos, legales o de seguridad.<\/p>\r\n\r\n\r\n\r\n<h3 class=\"wp-block-heading\">D\u00f3nde se env\u00edan sus datos<\/h3>\r\n\r\n\r\n\r\n<p>Los comentarios de los visitantes podr\u00edan revisarse mediante un servicio de detecci\u00f3n autom\u00e1tica de spam.<\/p>\r\n\r\n<p>&nbsp;<\/p>","protected":false},"excerpt":{"rendered":"<p>Qui\u00e9nes somos Somos Rocker Trip, con nombre comercial Aldesama Consulting S.L. B54886304, en la calle Escultor Jos\u00e9 Guti\u00e9rrez, n.\u00ba 7-9, 03540 Alicante. Responsable: Salom\u00e9 L\u00f3pez Garrido (678 242 454), salomelopezgarrido@hotmail.com, inscrita en el Registro Mercantil de Alicante, Tomo 3891, Folio 179, Inscripci\u00f3n 1, Hoja A-146889 Comentarios Cuando los visitantes dejan comentarios en el sitio web, [&hellip;]<\/p>\n","protected":false},"author":1,"featured_media":0,"parent":0,"menu_order":6,"comment_status":"closed","ping_status":"closed","template":"page-templates\/txt-legal.php","meta":{"_acf_changed":false,"inline_featured_image":false,"footnotes":""},"class_list":["post-300","page","type-page","status-publish","hentry"],"acf":[],"_links":{"self":[{"href":"https:\/\/rocker-trip.com\/es\/wp-json\/wp\/v2\/pages\/300","targetHints":{"allow":["GET"]}}],"collection":[{"href":"https:\/\/rocker-trip.com\/es\/wp-json\/wp\/v2\/pages"}],"about":[{"href":"https:\/\/rocker-trip.com\/es\/wp-json\/wp\/v2\/types\/page"}],"author":[{"embeddable":true,"href":"https:\/\/rocker-trip.com\/es\/wp-json\/wp\/v2\/users\/1"}],"replies":[{"embeddable":true,"href":"https:\/\/rocker-trip.com\/es\/wp-json\/wp\/v2\/comments?post=300"}],"version-history":[{"count":3,"href":"https:\/\/rocker-trip.com\/es\/wp-json\/wp\/v2\/pages\/300\/revisions"}],"predecessor-version":[{"id":1344,"href":"https:\/\/rocker-trip.com\/es\/wp-json\/wp\/v2\/pages\/300\/revisions\/1344"}],"wp:attachment":[{"href":"https:\/\/rocker-trip.com\/es\/wp-json\/wp\/v2\/media?parent=300"}],"curies":[{"name":"wp","href":"https:\/\/api.w.org\/{rel}","templated":true}]}}