{"id":306,"date":"2025-02-14T08:46:23","date_gmt":"2025-02-14T08:46:23","guid":{"rendered":"https:\/\/rockertrip.yaquedamenos.com\/?page_id=16"},"modified":"2025-10-02T14:41:31","modified_gmt":"2025-10-02T13:41:31","slug":"terminos-y-condiciones","status":"publish","type":"page","link":"https:\/\/rocker-trip.com\/es\/terminos-y-condiciones\/","title":{"rendered":"Terminos y condiciones"},"content":{"rendered":"<h3>Titularidad<\/h3>\n<p>En cumplimiento de lo dispuesto en la Ley 34\/2002, de 11 de julio, de Servicios de la Sociedad de la Informaci\u00f3n y de Comercio Electr\u00f3nico, se establece que el titular del sitio web es rocker-trip.com, Aldesama Consulting S.L. B5488630, con domicilio social en la calle Escultor Jos\u00e9 Guti\u00e9rrez, n\u00famero 7-9, 03540 Alicante. Inscrita en el Registro Mercantil de Alicante, Tomo 3891, Folio 179, Inscripci\u00f3n 1, Hoja A-146889, y su responsable es Salom\u00e9 L\u00f3pez Garrido, con correo electr\u00f3nico salomelopezgarrido@hotmail.com<\/p>\n<h3>Objetivo<\/h3>\n<p>A trav\u00e9s de este sitio web, los usuarios tienen acceso a diversos contenidos e informaci\u00f3n puestos a disposici\u00f3n por rocker-trip.com o por terceros proveedores de servicios y contenidos.<\/p>\n<p>rocker-trip.com se reserva el derecho a modificar, en cualquier momento, la presentaci\u00f3n, configuraci\u00f3n y ubicaci\u00f3n del sitio web, as\u00ed como los contenidos, productos y servicios que en \u00e9l se ofrecen.<\/p>\n<p>El acceso, la navegaci\u00f3n y el uso del sitio web rocker-trip.com implican la aceptaci\u00f3n por parte del Usuario de las presentes Condiciones Generales. En este sentido, se entender\u00e1 por \u00abUsuario\u00bb toda persona que acceda, navegue, utilice o participe en los servicios y actividades, gratuitos o de pago, que se desarrollan en el Sitio Web.<\/p>\n<p>El presente Aviso Legal tiene por objeto regular el acceso, la navegaci\u00f3n y el uso del Sitio Web, sin perjuicio de que rocker-trip.com pueda establecer condiciones espec\u00edficas que regulen el uso de los servicios y\/o la contrataci\u00f3n de productos espec\u00edficos que se ofrecen a los Usuarios a trav\u00e9s del Sitio Web.<\/p>\n<h3>Condiciones de acceso<\/h3>\n<p>El acceso al sitio web es gratuito; sin embargo, para utilizar ciertos servicios, es necesaria la autenticaci\u00f3n previa mediante la introducci\u00f3n de un nombre de usuario y una contrase\u00f1a. Cuando para acceder a ciertos contenidos o utilizar ciertos servicios sea necesario proporcionar datos personales, los usuarios garantizar\u00e1n su veracidad, exactitud, autenticidad y vigencia.<\/p>\n<p>rocker-trip.com tratar\u00e1 autom\u00e1ticamente dichos datos seg\u00fan su naturaleza y finalidad, de acuerdo con las condiciones y t\u00e9rminos indicados en la secci\u00f3n de Pol\u00edtica de Privacidad.<\/p>\n<h3>Condiciones generales de uso<\/h3>\n<p>El Usuario se compromete a hacer un uso adecuado y l\u00edcito del sitio web, as\u00ed como de sus contenidos y servicios, de conformidad con la legislaci\u00f3n aplicable en cada momento, el presente Aviso Legal, la moral y las buenas costumbres generalmente aceptadas y el orden p\u00fablico.<\/p>\n<p>Queda prohibida la reproducci\u00f3n total o parcial del contenido de este sitio web sin citar su origen ni solicitar autorizaci\u00f3n. El acceso, la navegaci\u00f3n y el uso del Sitio Web son responsabilidad del Usuario. En particular, el Usuario se compromete a no:<\/p>\n<ul>\n<li>Reproducir sus contenidos, copiarlos, distribuirlos, permitir el acceso del p\u00fablico a trav\u00e9s de cualquier modalidad de comunicaci\u00f3n p\u00fablica, transformarlos ni modificarlos, salvo que cuente con la autorizaci\u00f3n del titular de los derechos correspondientes o est\u00e9 legalmente permitido.<\/li>\n<li>Utilizar los contenidos y, en particular, la informaci\u00f3n de cualquier clase obtenida a trav\u00e9s del Sitio Web para remitir publicidad, comunicaciones con fines de venta directa o con cualquier otra clase de finalidad comercial; ni \u200b\u200benviar mensajes no solicitados dirigidos a una pluralidad de personas con independencia de su finalidad; ni comercializar o divulgar dicha informaci\u00f3n de cualquier manera.<\/li>\n<\/ul>\n<h3>Recopilaci\u00f3n de datos estad\u00edsticos<\/h3>\n<p>Con el \u00fanico fin de ofrecerle el mejor servicio a trav\u00e9s de este sitio y para facilitar su uso, se analizan el n\u00famero de p\u00e1ginas visitadas, el n\u00famero de visitas, as\u00ed como la actividad de los visitantes y su frecuencia de uso.<\/p>\n<p>Para estos fines, se utilizan datos estad\u00edsticos elaborados por el proveedor de servicios de internet de rockertrip.com. El sitio web de rockertrip.com puede utilizar cookies cuando un Usuario navega por \u00e9l.<\/p>\n<p>Las cookies son archivos enviados a un navegador por un servidor web para registrar las actividades del Usuario en el Sitio Web. Las cookies utilizadas por rockertrip.com se asocian \u00fanicamente con un Usuario an\u00f3nimo y su ordenador, y no proporcionan por s\u00ed mismas datos personales del Usuario.<\/p>\n<p>Al permitir su recepci\u00f3n, el Usuario podr\u00e1 determinar el servidor que utiliza las cookies, para lo cual deber\u00e1 consultar las instrucciones de uso de su navegador. El Usuario tiene la opci\u00f3n de configurar su navegador para ser avisado en pantalla de la recepci\u00f3n de cookies y para impedir su instalaci\u00f3n en su disco duro.<\/p>\n<p>Para m\u00e1s informaci\u00f3n, consulte el manual de su navegador. Para utilizar el Sitio Web, no es necesario autorizar la instalaci\u00f3n de cookies enviadas por el servidor del Sitio Web.<\/p>\n<h3>Contenidos, hiperv\u00ednculos y enlaces<\/h3>\n<p>El contenido, la organizaci\u00f3n y la ubicaci\u00f3n de los enlaces de inter\u00e9s han sido seleccionados y coordinados por rockertrip.com, y la informaci\u00f3n que se encuentra en este sitio web tambi\u00e9n ha sido creada por rocker-trip.com.<\/p>\n<p><strong>rocker-trip.com<\/strong> pone a disposici\u00f3n de los Usuarios enlaces t\u00e9cnicos que permiten acceder a p\u00e1ginas y\/o sitios web pertenecientes y\/o gestionados por terceros.<\/p>\n<p><strong>rocker-trip.com<\/strong> verifica el contenido de estas p\u00e1ginas web cuando proporciona un enlace a ellas, y lo hace de buena fe, con la certeza de que su contenido cumple con la legislaci\u00f3n aplicable. Sin embargo, en ning\u00fan caso rockertrip.com se responsabiliza, aprueba ni respalda los productos, servicios, contenido, informaci\u00f3n, datos o archivos, ni ning\u00fan tipo de material relacionado con estas p\u00e1ginas web; ni supervisa, ni se responsabiliza, ni aprueba ni respalda las sucesivas modificaciones de estos materiales.<\/p>\n","protected":false},"excerpt":{"rendered":"<p>Titularidad En cumplimiento de lo dispuesto en la Ley 34\/2002, de 11 de julio, de Servicios de la Sociedad de la Informaci\u00f3n y de Comercio Electr\u00f3nico, se establece que el titular del sitio web es rocker-trip.com, Aldesama Consulting S.L. B5488630, con domicilio social en la calle Escultor Jos\u00e9 Guti\u00e9rrez, n\u00famero 7-9, 03540 Alicante. Inscrita en [&hellip;]<\/p>\n","protected":false},"author":1,"featured_media":0,"parent":0,"menu_order":15,"comment_status":"closed","ping_status":"closed","template":"page-templates\/txt-legal.php","meta":{"_acf_changed":false,"inline_featured_image":false,"footnotes":""},"class_list":["post-306","page","type-page","status-publish","hentry"],"acf":[],"_links":{"self":[{"href":"https:\/\/rocker-trip.com\/es\/wp-json\/wp\/v2\/pages\/306","targetHints":{"allow":["GET"]}}],"collection":[{"href":"https:\/\/rocker-trip.com\/es\/wp-json\/wp\/v2\/pages"}],"about":[{"href":"https:\/\/rocker-trip.com\/es\/wp-json\/wp\/v2\/types\/page"}],"author":[{"embeddable":true,"href":"https:\/\/rocker-trip.com\/es\/wp-json\/wp\/v2\/users\/1"}],"replies":[{"embeddable":true,"href":"https:\/\/rocker-trip.com\/es\/wp-json\/wp\/v2\/comments?post=306"}],"version-history":[{"count":5,"href":"https:\/\/rocker-trip.com\/es\/wp-json\/wp\/v2\/pages\/306\/revisions"}],"predecessor-version":[{"id":1348,"href":"https:\/\/rocker-trip.com\/es\/wp-json\/wp\/v2\/pages\/306\/revisions\/1348"}],"wp:attachment":[{"href":"https:\/\/rocker-trip.com\/es\/wp-json\/wp\/v2\/media?parent=306"}],"curies":[{"name":"wp","href":"https:\/\/api.w.org\/{rel}","templated":true}]}}