{"id":572,"date":"2025-03-13T11:26:46","date_gmt":"2025-03-13T10:26:46","guid":{"rendered":"https:\/\/rockertrip.com\/?post_type=product&#038;p=572"},"modified":"2025-10-06T11:21:31","modified_gmt":"2025-10-06T10:21:31","slug":"golf-experience-producto","status":"publish","type":"product","link":"https:\/\/rocker-trip.com\/es\/producto\/golf-experience-producto\/","title":{"rendered":"Golf Experience"},"content":{"rendered":"","protected":false},"excerpt":{"rendered":"<p><b>\u00bfQuieres aprender golf en un entorno natural con 300 d\u00edas de sol al a\u00f1o y regresar a casa con un h\u00e1ndicap oficial?<\/b><\/p>\n<p><b>\u00bfBuscas mejorar tu juego con los mejores profesionales?<\/b><\/p>\n<ul>\n<li>3 noches en un hotel 4 estrellas frente al mar, a solo unos pasos del casco hist\u00f3rico y la zona\u00a0 comercial.<\/li>\n<li>3 desayunos incluidos.<\/li>\n<li>Cena del viernes en un restaurante local para conocer al resto de la tripulaci\u00f3n Rocker Trip.<\/li>\n<li>Almuerzo del s\u00e1bado y domingo.<\/li>\n<li>Clases de golf.<\/li>\n<li>Traslados de ida y vuelta a las clases de golf viernes, s\u00e1bado y domingo.<\/li>\n<\/ul>\n","protected":false},"featured_media":593,"comment_status":"open","ping_status":"closed","template":"","meta":{"_acf_changed":false,"inline_featured_image":false},"product_brand":[],"product_cat":[19],"product_tag":[],"class_list":{"0":"post-572","1":"product","2":"type-product","3":"status-publish","4":"has-post-thumbnail","6":"product_cat-experience","8":"first","9":"instock","10":"shipping-taxable","11":"purchasable","12":"product-type-variable"},"acf":[],"_links":{"self":[{"href":"https:\/\/rocker-trip.com\/es\/wp-json\/wp\/v2\/product\/572","targetHints":{"allow":["GET"]}}],"collection":[{"href":"https:\/\/rocker-trip.com\/es\/wp-json\/wp\/v2\/product"}],"about":[{"href":"https:\/\/rocker-trip.com\/es\/wp-json\/wp\/v2\/types\/product"}],"replies":[{"embeddable":true,"href":"https:\/\/rocker-trip.com\/es\/wp-json\/wp\/v2\/comments?post=572"}],"wp:featuredmedia":[{"embeddable":true,"href":"https:\/\/rocker-trip.com\/es\/wp-json\/wp\/v2\/media\/593"}],"wp:attachment":[{"href":"https:\/\/rocker-trip.com\/es\/wp-json\/wp\/v2\/media?parent=572"}],"wp:term":[{"taxonomy":"product_brand","embeddable":true,"href":"https:\/\/rocker-trip.com\/es\/wp-json\/wp\/v2\/product_brand?post=572"},{"taxonomy":"product_cat","embeddable":true,"href":"https:\/\/rocker-trip.com\/es\/wp-json\/wp\/v2\/product_cat?post=572"},{"taxonomy":"product_tag","embeddable":true,"href":"https:\/\/rocker-trip.com\/es\/wp-json\/wp\/v2\/product_tag?post=572"}],"curies":[{"name":"wp","href":"https:\/\/api.w.org\/{rel}","templated":true}]}}