{"id":1145,"date":"2025-02-14T08:46:23","date_gmt":"2025-02-14T08:46:23","guid":{"rendered":"https:\/\/rockertrip.yaquedamenos.com\/?page_id=16"},"modified":"2025-12-02T10:16:12","modified_gmt":"2025-12-02T10:16:12","slug":"termes-et-conditions","status":"publish","type":"page","link":"https:\/\/rocker-trip.com\/fr\/termes-et-conditions\/","title":{"rendered":"Termes et conditions"},"content":{"rendered":"<h3>Possession<\/h3>\n<p>Conform\u00e9ment aux dispositions de la loi 34\/2002 du 11 juillet relative aux services de la soci\u00e9t\u00e9 de l&rsquo;information et au commerce \u00e9lectronique, il est \u00e9tabli que le propri\u00e9taire du site web rockertrip.com est la soci\u00e9t\u00e9 Aldesama Consulting S.L., immatricul\u00e9e sous le num\u00e9ro B5488630 et dont le si\u00e8ge social est situ\u00e9 Calle escultor Jos\u00e9 Guti\u00e9rrez n\u00b0 7-9, 03540 Alicante. Elle est inscrite au Registre du Commerce d&rsquo;Alicante, volume 3891, folio 179, inscription 1, feuillet A-146889. Sa responsable est Salom\u00e9 L\u00f3pez Garrido, joignable par courriel \u00e0 l&rsquo;adresse salomelopezgarrido@hotmail.com.<\/p>\n<h3>But<\/h3>\n<p>Par le biais de ce site web, les utilisateurs ont acc\u00e8s \u00e0 divers contenus et informations mis \u00e0 disposition par rockertrip.com ou par des prestataires de services et de contenus tiers.<\/p>\n<p>rockertrip.com se r\u00e9serve le droit de modifier \u00e0 tout moment la pr\u00e9sentation, la configuration et l&#8217;emplacement du site web, ainsi que les contenus, produits et services qui y sont propos\u00e9s.<\/p>\n<p>L&rsquo;acc\u00e8s au site web rockertrip.com, sa navigation et son utilisation impliquent l&rsquo;acceptation par l&rsquo;utilisateur des pr\u00e9sentes Conditions G\u00e9n\u00e9rales. \u00c0 cet \u00e9gard, le terme \u00ab\u00a0Utilisateur\u00a0\u00bb d\u00e9signe toute personne qui acc\u00e8de au site web, le consulte, l&rsquo;utilise ou participe aux services et activit\u00e9s, gratuits ou payants, qui y sont propos\u00e9s.<\/p>\n<p>Les pr\u00e9sentes mentions l\u00e9gales ont pour objet de r\u00e9gir l&rsquo;acc\u00e8s au site web, sa navigation et son utilisation, sans pr\u00e9judice du fait que rockertrip.com puisse \u00e9tablir des conditions sp\u00e9cifiques r\u00e9gissant l&rsquo;utilisation des services et\/ou l&rsquo;acquisition de certains produits propos\u00e9s aux utilisateurs par le biais du site web.<\/p>\n<h3>Conditions d&rsquo;acc\u00e8s<\/h3>\n<p>L&rsquo;acc\u00e8s au site web est gratuit. Cependant, pour utiliser certains services, une authentification pr\u00e9alable par identifiant et mot de passe est n\u00e9cessaire. Lorsque la fourniture de donn\u00e9es personnelles est requise pour acc\u00e9der \u00e0 certains contenus ou utiliser certains services, les utilisateurs garantissent leur v\u00e9racit\u00e9, leur exactitude, leur authenticit\u00e9 et leur validit\u00e9.<\/p>\n<p>rocker-trip.com traitera automatiquement ces donn\u00e9es conform\u00e9ment \u00e0 leur nature et \u00e0 leur finalit\u00e9, et ce, dans les conditions indiqu\u00e9es dans la section \u00ab Politique de confidentialit\u00e9 \u00bb.<\/p>\n<h3>Conditions g\u00e9n\u00e9rales d&rsquo;utilisation<\/h3>\n<p>L\u2019Utilisateur s\u2019engage \u00e0 faire un usage appropri\u00e9 et licite du site web, de son contenu et de ses services, conform\u00e9ment \u00e0 la l\u00e9gislation en vigueur, aux pr\u00e9sentes mentions l\u00e9gales, aux bonnes m\u0153urs et aux usages et notions d\u2019ordre public g\u00e9n\u00e9ralement admis.<\/p>\n<p>Toute reproduction, m\u00eame partielle, du contenu de ce site web sans mention de sa source ni autorisation est interdite. L\u2019acc\u00e8s au site web, sa navigation et son utilisation rel\u00e8vent de la responsabilit\u00e9 de l\u2019Utilisateur. En particulier, l\u2019Utilisateur s\u2019engage \u00e0 ne pas\u00a0:<\/p>\n<p>Reproduire, copier, diffuser, rendre accessible au public par quelque moyen de communication que ce soit, transformer ou modifier le contenu du site web, sauf autorisation du titulaire des droits correspondants ou si la loi le permet.<\/p>\n<p>Utiliser le contenu, et notamment les informations de toute nature obtenues par le biais du site web, pour envoyer de la publicit\u00e9, des communications \u00e0 des fins de prospection commerciale ou \u00e0 toute autre fin commerciale\u00a0; envoyer des messages non sollicit\u00e9s \u00e0 un grand nombre de personnes, quel qu\u2019en soit l\u2019objet\u00a0; ou commercialiser ou divulguer ces informations de quelque mani\u00e8re que ce soit.<\/p>\n<h3>Collecte de donn\u00e9es statistiques<\/h3>\n<p>Dans le seul but de vous offrir le meilleur service possible sur ce site et d&rsquo;en faciliter l&rsquo;utilisation, le nombre de pages consult\u00e9es, le nombre de visites, ainsi que l&rsquo;activit\u00e9 des visiteurs et la fr\u00e9quence de leurs visites sont analys\u00e9s.<\/p>\n<p>\u00c0 ces fins, les donn\u00e9es statistiques fournies par le fournisseur d&rsquo;acc\u00e8s Internet de rockertrip.com sont utilis\u00e9es. Le site web rockertrip.com peut utiliser des cookies lors de votre navigation.<\/p>\n<p>Les cookies sont des fichiers envoy\u00e9s \u00e0 votre navigateur par un serveur web afin d&rsquo;enregistrer votre activit\u00e9 sur le site. Les cookies utilis\u00e9s par rockertrip.com sont uniquement associ\u00e9s \u00e0 un utilisateur anonyme et \u00e0 son ordinateur, et ne contiennent aucune donn\u00e9e personnelle.<\/p>\n<p>Si vous autorisez la r\u00e9ception de cookies, vous pourrez identifier le serveur qui les utilise en consultant les instructions d&rsquo;utilisation de votre navigateur. Vous pouvez configurer votre navigateur pour \u00eatre averti de la r\u00e9ception de cookies et pour emp\u00eacher leur installation sur votre disque dur.<\/p>\n<p>Pour plus d\u2019informations, veuillez consulter le manuel de votre navigateur. L\u2019utilisation du site Web ne n\u00e9cessite pas l\u2019autorisation de l\u2019installation des cookies envoy\u00e9s par le serveur du site.<\/p>\n<h3>Contenu, hyperliens et liens<\/h3>\n<p>Le contenu, l&rsquo;organisation et le placement des liens pertinents ont \u00e9t\u00e9 s\u00e9lectionn\u00e9s et coordonn\u00e9s par rockertrip.com, qui a \u00e9galement cr\u00e9\u00e9 les informations pr\u00e9sentes sur ce site web.<\/p>\n<p>rocker-trip.com met \u00e0 la disposition des utilisateurs des liens techniques permettant d&rsquo;acc\u00e9der \u00e0 des pages et\/ou des sites web appartenant \u00e0 et\/ou g\u00e9r\u00e9s par des tiers.<\/p>\n<p>rocke-rtrip.com v\u00e9rifie le contenu de ces pages web lorsqu&rsquo;il y renvoie, et ce, en toute bonne foi, convaincu de sa conformit\u00e9 \u00e0 la l\u00e9gislation applicable. Toutefois, rockertrip.com ne saurait en aucun cas \u00eatre tenu responsable, ni approuver ou cautionner, les produits, services, contenus, informations, donn\u00e9es ou fichiers, ni aucun \u00e9l\u00e9ment relatif aux documents pr\u00e9sents sur ces pages web ; il n&rsquo;en supervise pas non plus les modifications ult\u00e9rieures et n&rsquo;en est pas responsable.<\/p>\n","protected":false},"excerpt":{"rendered":"<p>Possession Conform\u00e9ment aux dispositions de la loi 34\/2002 du 11 juillet relative aux services de la soci\u00e9t\u00e9 de l&rsquo;information et au commerce \u00e9lectronique, il est \u00e9tabli que le propri\u00e9taire du site web rockertrip.com est la soci\u00e9t\u00e9 Aldesama Consulting S.L., immatricul\u00e9e sous le num\u00e9ro B5488630 et dont le si\u00e8ge social est situ\u00e9 Calle escultor Jos\u00e9 Guti\u00e9rrez [&hellip;]<\/p>\n","protected":false},"author":1,"featured_media":0,"parent":0,"menu_order":16,"comment_status":"closed","ping_status":"closed","template":"page-templates\/txt-legal.php","meta":{"_acf_changed":false,"inline_featured_image":false,"footnotes":""},"class_list":["post-1145","page","type-page","status-publish","hentry"],"acf":[],"_links":{"self":[{"href":"https:\/\/rocker-trip.com\/fr\/wp-json\/wp\/v2\/pages\/1145","targetHints":{"allow":["GET"]}}],"collection":[{"href":"https:\/\/rocker-trip.com\/fr\/wp-json\/wp\/v2\/pages"}],"about":[{"href":"https:\/\/rocker-trip.com\/fr\/wp-json\/wp\/v2\/types\/page"}],"author":[{"embeddable":true,"href":"https:\/\/rocker-trip.com\/fr\/wp-json\/wp\/v2\/users\/1"}],"replies":[{"embeddable":true,"href":"https:\/\/rocker-trip.com\/fr\/wp-json\/wp\/v2\/comments?post=1145"}],"version-history":[{"count":3,"href":"https:\/\/rocker-trip.com\/fr\/wp-json\/wp\/v2\/pages\/1145\/revisions"}],"predecessor-version":[{"id":1255,"href":"https:\/\/rocker-trip.com\/fr\/wp-json\/wp\/v2\/pages\/1145\/revisions\/1255"}],"wp:attachment":[{"href":"https:\/\/rocker-trip.com\/fr\/wp-json\/wp\/v2\/media?parent=1145"}],"curies":[{"name":"wp","href":"https:\/\/api.w.org\/{rel}","templated":true}]}}