{"id":1102,"date":"2025-10-23T15:50:53","date_gmt":"2025-10-23T13:50:53","guid":{"rendered":"https:\/\/rocker-trip.com\/?post_type=product&#038;p=1102"},"modified":"2025-12-02T10:54:32","modified_gmt":"2025-12-02T10:54:32","slug":"yoga-padel","status":"publish","type":"product","link":"https:\/\/rocker-trip.com\/fr\/product\/yoga-padel\/","title":{"rendered":"Yoga &amp; Padel"},"content":{"rendered":"","protected":false},"excerpt":{"rendered":"<p><strong>Padel, le sport des stars\u00a0:<\/strong> Lib\u00e9rez votre esprit de comp\u00e9tition et d\u00e9cha\u00eenez toute votre \u00e9nergie nordique sur nos courts. Criez, riez et vibrez au rythme du jeu sous le soleil\u00a0!<\/p>\n<p><strong>Yoga pour l\u2019\u00e2me viking\u00a0:<\/strong> Apr\u00e8s le match, apaisez la temp\u00eate. Des s\u00e9ances de yoga qui vous reconnecteront \u00e0 la terre, \u00e9tireront chaque muscle et vous apporteront une paix profonde, comme au fond d\u2019un fjord. Respirez l\u2019air marin, m\u00e9ditez au coucher du soleil.<\/p>\n<p><strong>Votre havre de luxe\u00a0:<\/strong> Une oasis 4 \u00e9toiles sup\u00e9rieure. Oubliez les sacs de couchage. Vous s\u00e9journerez dans un h\u00f4tel boutique 4 \u00e9toiles sup\u00e9rieur. Imaginez un design raffin\u00e9, un service impeccable et des vues \u00e0 couper le souffle qui vous feront oublier l\u2019hiver. Votre vestiaire priv\u00e9 vous attend apr\u00e8s une journ\u00e9e de comp\u00e9tition sur le court.<\/p>\n<p>Oubliez l\u2019ordinaire. Voici un s\u00e9jour hors du commun\u00a0: un m\u00e9lange explosif de sport, de bien-\u00eatre et d\u2019art de vivre haut de gamme dans le lieu le plus pris\u00e9 d\u2019Europe.<\/p>\n<p>R\u00e9servez votre place\u00a0! Votre corps en a besoin, votre esprit aussi, et votre \u00e2me de rockeur le m\u00e9rite.<\/p>\n","protected":false},"featured_media":1092,"comment_status":"open","ping_status":"closed","template":"","meta":{"_acf_changed":false,"inline_featured_image":false},"product_brand":[],"product_cat":[21],"product_tag":[],"class_list":{"0":"post-1102","1":"product","2":"type-product","3":"status-publish","4":"has-post-thumbnail","6":"product_cat-experience","8":"first","9":"instock","10":"shipping-taxable","11":"purchasable","12":"product-type-variable"},"acf":[],"_links":{"self":[{"href":"https:\/\/rocker-trip.com\/fr\/wp-json\/wp\/v2\/product\/1102","targetHints":{"allow":["GET"]}}],"collection":[{"href":"https:\/\/rocker-trip.com\/fr\/wp-json\/wp\/v2\/product"}],"about":[{"href":"https:\/\/rocker-trip.com\/fr\/wp-json\/wp\/v2\/types\/product"}],"replies":[{"embeddable":true,"href":"https:\/\/rocker-trip.com\/fr\/wp-json\/wp\/v2\/comments?post=1102"}],"wp:featuredmedia":[{"embeddable":true,"href":"https:\/\/rocker-trip.com\/fr\/wp-json\/wp\/v2\/media\/1092"}],"wp:attachment":[{"href":"https:\/\/rocker-trip.com\/fr\/wp-json\/wp\/v2\/media?parent=1102"}],"wp:term":[{"taxonomy":"product_brand","embeddable":true,"href":"https:\/\/rocker-trip.com\/fr\/wp-json\/wp\/v2\/product_brand?post=1102"},{"taxonomy":"product_cat","embeddable":true,"href":"https:\/\/rocker-trip.com\/fr\/wp-json\/wp\/v2\/product_cat?post=1102"},{"taxonomy":"product_tag","embeddable":true,"href":"https:\/\/rocker-trip.com\/fr\/wp-json\/wp\/v2\/product_tag?post=1102"}],"curies":[{"name":"wp","href":"https:\/\/api.w.org\/{rel}","templated":true}]}}