{"id":578,"date":"2025-03-13T11:31:00","date_gmt":"2025-03-13T10:31:00","guid":{"rendered":"https:\/\/rockertrip.com\/?post_type=product&#038;p=578"},"modified":"2025-12-02T10:42:22","modified_gmt":"2025-12-02T10:42:22","slug":"sea-experience-product","status":"publish","type":"product","link":"https:\/\/rocker-trip.com\/fr\/product\/sea-experience-product\/","title":{"rendered":"Sea Experience"},"content":{"rendered":"","protected":false},"excerpt":{"rendered":"<p><b>Impr\u00e9gnez-vous de l\u2019\u00e9nergie m\u00e9diterran\u00e9enne<\/b> \u00e0 travers des <b>aventures de plage inoubliables !<\/b><\/p>\n<p>Profitez de vos apr\u00e8s-midis pour <b>explorer<\/b>, <b>vous d\u00e9tendre dans des caf\u00e9s accueillants<\/b> ou <b>d\u00e9guster le meilleur de la gastronomie locale.<\/b><\/p>\n<p>\u2022 3 nuits dans un <b>h\u00f4tel boutique face \u00e0 la mer<\/b>, \u00e0 quelques pas d\u2019un quartier anim\u00e9 de restaurants.<br \/>\n\u2022 3 petits-d\u00e9jeuners inclus.<br \/>\n\u2022 <b>D\u00eener du vendredi soir<\/b> dans un restaurant local pour rencontrer le reste de l\u2019\u00e9quipage <b>Rocker Trip.<\/b><br \/>\n\u2022 <b>D\u00e9jeuner du samedi et du dimanche.<\/b><br \/>\n\u2022 Des <b>exp\u00e9riences palpitantes<\/b> sur la plage de <b>San Juan<\/b> avec des instructeurs certifi\u00e9s : surf, paddle surf, Big SUP, entra\u00eenements sur le sable\u2026 et bien plus encore !<br \/>\n<i>(vendredi apr\u00e8s-midi, samedi et dimanche matin).<\/i><br \/>\n\u2022 Le <b>programme final<\/b> sera confirm\u00e9 <b>3 jours avant votre arriv\u00e9e<\/b>, selon les conditions de la mer.<\/p>\n","protected":false},"featured_media":592,"comment_status":"open","ping_status":"closed","template":"","meta":{"_acf_changed":false,"inline_featured_image":false},"product_brand":[],"product_cat":[21],"product_tag":[],"class_list":{"0":"post-578","1":"product","2":"type-product","3":"status-publish","4":"has-post-thumbnail","6":"product_cat-experience","8":"first","9":"instock","10":"shipping-taxable","11":"purchasable","12":"product-type-variable"},"acf":[],"_links":{"self":[{"href":"https:\/\/rocker-trip.com\/fr\/wp-json\/wp\/v2\/product\/578","targetHints":{"allow":["GET"]}}],"collection":[{"href":"https:\/\/rocker-trip.com\/fr\/wp-json\/wp\/v2\/product"}],"about":[{"href":"https:\/\/rocker-trip.com\/fr\/wp-json\/wp\/v2\/types\/product"}],"replies":[{"embeddable":true,"href":"https:\/\/rocker-trip.com\/fr\/wp-json\/wp\/v2\/comments?post=578"}],"wp:featuredmedia":[{"embeddable":true,"href":"https:\/\/rocker-trip.com\/fr\/wp-json\/wp\/v2\/media\/592"}],"wp:attachment":[{"href":"https:\/\/rocker-trip.com\/fr\/wp-json\/wp\/v2\/media?parent=578"}],"wp:term":[{"taxonomy":"product_brand","embeddable":true,"href":"https:\/\/rocker-trip.com\/fr\/wp-json\/wp\/v2\/product_brand?post=578"},{"taxonomy":"product_cat","embeddable":true,"href":"https:\/\/rocker-trip.com\/fr\/wp-json\/wp\/v2\/product_cat?post=578"},{"taxonomy":"product_tag","embeddable":true,"href":"https:\/\/rocker-trip.com\/fr\/wp-json\/wp\/v2\/product_tag?post=578"}],"curies":[{"name":"wp","href":"https:\/\/api.w.org\/{rel}","templated":true}]}}